{"id":45756,"date":"2024-04-05T21:40:41","date_gmt":"2024-04-06T01:40:41","guid":{"rendered":"https:\/\/yopiensoenpositivo.com\/online\/?post_type=product&#038;p=45756"},"modified":"2024-04-05T21:44:41","modified_gmt":"2024-04-06T01:44:41","slug":"2x1-ebook-manual-de-hooponopono-ley-de-atraccion-gratis","status":"publish","type":"product","link":"https:\/\/yopiensoenpositivo.com\/online\/product\/2x1-ebook-manual-de-hooponopono-ley-de-atraccion-gratis\/","title":{"rendered":"2&#215;1  EBOOK MANUAL DE HO\u2019OPONOPONO + LEY DE ATRACCION GRATIS"},"content":{"rendered":"<p>Dos Ebook que te dar\u00e1n herramientas valiosas para que logres metas que antes cre\u00edas inalcanzables<\/p>\n<p>Descripci\u00f3n del material:<br \/>\nFormato descargable en PDF de f\u00e1cil lectura y comprensi\u00f3n apto para cualquier dispositivo m\u00f3vil.<\/p>\n<p>Al comprar v\u00eda Paypal autom\u00e1ticamente te llegar\u00e1 un link de descarga al correo con acceso a los dos PDF<\/p>\n","protected":false},"excerpt":{"rendered":"<p>1- A\u00f1ade este producto al carrito.<br \/>\n2- Revisa tu carrito de compra.<br \/>\n3- Completa el pedido elige el m\u00e9todo de pago.<br \/>\n4- Finaliza tu compra y te confirmaremos v\u00eda email.<br \/>\n5- En caso de pagar v\u00eda Paypal, se ejecuta de inmediato el link de descarga.<\/p>\n","protected":false},"featured_media":45754,"comment_status":"open","ping_status":"closed","template":"","meta":[],"product_brand":[],"product_cat":[180,181],"product_tag":[182,252,183,253,184,186,185],"class_list":{"0":"post-45756","1":"product","2":"type-product","3":"status-publish","4":"has-post-thumbnail","6":"product_cat-manuales","7":"product_cat-pensamiento-positivo","8":"product_tag-amor-propio","9":"product_tag-atraccion","10":"product_tag-autoestima","11":"product_tag-ley-de-atraccion","12":"product_tag-metas","13":"product_tag-pensamiento-positivo","14":"product_tag-superacion","16":"first","17":"instock","18":"downloadable","19":"shipping-taxable","20":"purchasable","21":"product-type-simple"},"yoast_head":"<!-- This site is optimized with the Yoast SEO plugin v27.4 - https:\/\/yoast.com\/product\/yoast-seo-wordpress\/ -->\n<title>2x1 EBOOK MANUAL DE HO\u2019OPONOPONO + LEY DE ATRACCION GRATIS - Pienso En Positivo<\/title>\n<meta name=\"description\" content=\"2x1 Ebooks que te dar\u00e1n herramientas valiosas para que logres metas que antes cre\u00edas inalcanzables y como bono te llevas Crea tu Vida con visualizaciones\" \/>\n<meta name=\"robots\" content=\"index, follow, max-snippet:-1, max-image-preview:large, max-video-preview:-1\" \/>\n<link rel=\"canonical\" href=\"https:\/\/yopiensoenpositivo.com\/online\/product\/2x1-ebook-manual-de-hooponopono-ley-de-atraccion-gratis\/\" \/>\n<meta property=\"og:locale\" content=\"es_ES\" \/>\n<meta property=\"og:type\" content=\"article\" \/>\n<meta property=\"og:title\" content=\"2x1 EBOOK MANUAL DE HO\u2019OPONOPONO + LEY DE ATRACCION GRATIS - Pienso En Positivo\" \/>\n<meta property=\"og:description\" content=\"2x1 Ebooks que te dar\u00e1n herramientas valiosas para que logres metas que antes cre\u00edas inalcanzables y como bono te llevas Crea tu Vida con visualizaciones\" \/>\n<meta property=\"og:url\" content=\"https:\/\/yopiensoenpositivo.com\/online\/product\/2x1-ebook-manual-de-hooponopono-ley-de-atraccion-gratis\/\" \/>\n<meta property=\"og:site_name\" content=\"Pienso En Positivo\" \/>\n<meta property=\"article:modified_time\" content=\"2024-04-06T01:44:41+00:00\" \/>\n<meta property=\"og:image\" content=\"https:\/\/yopiensoenpositivo.com\/online\/wp-content\/uploads\/2024\/04\/2x1-hononopo-leyatraccion.jpg\" \/>\n\t<meta property=\"og:image:width\" content=\"1080\" \/>\n\t<meta property=\"og:image:height\" content=\"1080\" \/>\n\t<meta property=\"og:image:type\" content=\"image\/jpeg\" \/>\n<meta name=\"twitter:card\" content=\"summary_large_image\" \/>\n<meta name=\"twitter:label1\" content=\"Tiempo de lectura\" \/>\n\t<meta name=\"twitter:data1\" content=\"1 minuto\" \/>\n<script type=\"application\/ld+json\" class=\"yoast-schema-graph\">{\"@context\":\"https:\\\/\\\/schema.org\",\"@graph\":[{\"@type\":\"WebPage\",\"@id\":\"https:\\\/\\\/yopiensoenpositivo.com\\\/online\\\/product\\\/2x1-ebook-manual-de-hooponopono-ley-de-atraccion-gratis\\\/\",\"url\":\"https:\\\/\\\/yopiensoenpositivo.com\\\/online\\\/product\\\/2x1-ebook-manual-de-hooponopono-ley-de-atraccion-gratis\\\/\",\"name\":\"2x1 EBOOK MANUAL DE HO\u2019OPONOPONO + LEY DE ATRACCION GRATIS - Pienso En Positivo\",\"isPartOf\":{\"@id\":\"https:\\\/\\\/yopiensoenpositivo.com\\\/online\\\/#website\"},\"primaryImageOfPage\":{\"@id\":\"https:\\\/\\\/yopiensoenpositivo.com\\\/online\\\/product\\\/2x1-ebook-manual-de-hooponopono-ley-de-atraccion-gratis\\\/#primaryimage\"},\"image\":{\"@id\":\"https:\\\/\\\/yopiensoenpositivo.com\\\/online\\\/product\\\/2x1-ebook-manual-de-hooponopono-ley-de-atraccion-gratis\\\/#primaryimage\"},\"thumbnailUrl\":\"https:\\\/\\\/yopiensoenpositivo.com\\\/online\\\/wp-content\\\/uploads\\\/2024\\\/04\\\/2x1-hononopo-leyatraccion.jpg\",\"datePublished\":\"2024-04-06T01:40:41+00:00\",\"dateModified\":\"2024-04-06T01:44:41+00:00\",\"description\":\"2x1 Ebooks que te dar\u00e1n herramientas valiosas para que logres metas que antes cre\u00edas inalcanzables y como bono te llevas Crea tu Vida con visualizaciones\",\"breadcrumb\":{\"@id\":\"https:\\\/\\\/yopiensoenpositivo.com\\\/online\\\/product\\\/2x1-ebook-manual-de-hooponopono-ley-de-atraccion-gratis\\\/#breadcrumb\"},\"inLanguage\":\"es\",\"potentialAction\":[{\"@type\":\"ReadAction\",\"target\":[\"https:\\\/\\\/yopiensoenpositivo.com\\\/online\\\/product\\\/2x1-ebook-manual-de-hooponopono-ley-de-atraccion-gratis\\\/\"]}]},{\"@type\":\"ImageObject\",\"inLanguage\":\"es\",\"@id\":\"https:\\\/\\\/yopiensoenpositivo.com\\\/online\\\/product\\\/2x1-ebook-manual-de-hooponopono-ley-de-atraccion-gratis\\\/#primaryimage\",\"url\":\"https:\\\/\\\/yopiensoenpositivo.com\\\/online\\\/wp-content\\\/uploads\\\/2024\\\/04\\\/2x1-hononopo-leyatraccion.jpg\",\"contentUrl\":\"https:\\\/\\\/yopiensoenpositivo.com\\\/online\\\/wp-content\\\/uploads\\\/2024\\\/04\\\/2x1-hononopo-leyatraccion.jpg\",\"width\":1080,\"height\":1080},{\"@type\":\"BreadcrumbList\",\"@id\":\"https:\\\/\\\/yopiensoenpositivo.com\\\/online\\\/product\\\/2x1-ebook-manual-de-hooponopono-ley-de-atraccion-gratis\\\/#breadcrumb\",\"itemListElement\":[{\"@type\":\"ListItem\",\"position\":1,\"name\":\"Portada\",\"item\":\"https:\\\/\\\/yopiensoenpositivo.com\\\/online\\\/\"},{\"@type\":\"ListItem\",\"position\":2,\"name\":\"Shop\",\"item\":\"https:\\\/\\\/yopiensoenpositivo.com\\\/online\\\/shop\\\/\"},{\"@type\":\"ListItem\",\"position\":3,\"name\":\"2&#215;1 EBOOK MANUAL DE HO\u2019OPONOPONO + LEY DE ATRACCION GRATIS\"}]},{\"@type\":\"WebSite\",\"@id\":\"https:\\\/\\\/yopiensoenpositivo.com\\\/online\\\/#website\",\"url\":\"https:\\\/\\\/yopiensoenpositivo.com\\\/online\\\/\",\"name\":\"Pienso En Positivo\",\"description\":\"Te ayudamos a vivir y pensar en positivo\",\"potentialAction\":[{\"@type\":\"SearchAction\",\"target\":{\"@type\":\"EntryPoint\",\"urlTemplate\":\"https:\\\/\\\/yopiensoenpositivo.com\\\/online\\\/?s={search_term_string}\"},\"query-input\":{\"@type\":\"PropertyValueSpecification\",\"valueRequired\":true,\"valueName\":\"search_term_string\"}}],\"inLanguage\":\"es\"}]}<\/script>\n<!-- \/ Yoast SEO plugin. -->","yoast_head_json":{"title":"2x1 EBOOK MANUAL DE HO\u2019OPONOPONO + LEY DE ATRACCION GRATIS - Pienso En Positivo","description":"2x1 Ebooks que te dar\u00e1n herramientas valiosas para que logres metas que antes cre\u00edas inalcanzables y como bono te llevas Crea tu Vida con visualizaciones","robots":{"index":"index","follow":"follow","max-snippet":"max-snippet:-1","max-image-preview":"max-image-preview:large","max-video-preview":"max-video-preview:-1"},"canonical":"https:\/\/yopiensoenpositivo.com\/online\/product\/2x1-ebook-manual-de-hooponopono-ley-de-atraccion-gratis\/","og_locale":"es_ES","og_type":"article","og_title":"2x1 EBOOK MANUAL DE HO\u2019OPONOPONO + LEY DE ATRACCION GRATIS - Pienso En Positivo","og_description":"2x1 Ebooks que te dar\u00e1n herramientas valiosas para que logres metas que antes cre\u00edas inalcanzables y como bono te llevas Crea tu Vida con visualizaciones","og_url":"https:\/\/yopiensoenpositivo.com\/online\/product\/2x1-ebook-manual-de-hooponopono-ley-de-atraccion-gratis\/","og_site_name":"Pienso En Positivo","article_modified_time":"2024-04-06T01:44:41+00:00","og_image":[{"width":1080,"height":1080,"url":"https:\/\/yopiensoenpositivo.com\/online\/wp-content\/uploads\/2024\/04\/2x1-hononopo-leyatraccion.jpg","type":"image\/jpeg"}],"twitter_card":"summary_large_image","twitter_misc":{"Tiempo de lectura":"1 minuto"},"schema":{"@context":"https:\/\/schema.org","@graph":[{"@type":"WebPage","@id":"https:\/\/yopiensoenpositivo.com\/online\/product\/2x1-ebook-manual-de-hooponopono-ley-de-atraccion-gratis\/","url":"https:\/\/yopiensoenpositivo.com\/online\/product\/2x1-ebook-manual-de-hooponopono-ley-de-atraccion-gratis\/","name":"2x1 EBOOK MANUAL DE HO\u2019OPONOPONO + LEY DE ATRACCION GRATIS - Pienso En Positivo","isPartOf":{"@id":"https:\/\/yopiensoenpositivo.com\/online\/#website"},"primaryImageOfPage":{"@id":"https:\/\/yopiensoenpositivo.com\/online\/product\/2x1-ebook-manual-de-hooponopono-ley-de-atraccion-gratis\/#primaryimage"},"image":{"@id":"https:\/\/yopiensoenpositivo.com\/online\/product\/2x1-ebook-manual-de-hooponopono-ley-de-atraccion-gratis\/#primaryimage"},"thumbnailUrl":"https:\/\/yopiensoenpositivo.com\/online\/wp-content\/uploads\/2024\/04\/2x1-hononopo-leyatraccion.jpg","datePublished":"2024-04-06T01:40:41+00:00","dateModified":"2024-04-06T01:44:41+00:00","description":"2x1 Ebooks que te dar\u00e1n herramientas valiosas para que logres metas que antes cre\u00edas inalcanzables y como bono te llevas Crea tu Vida con visualizaciones","breadcrumb":{"@id":"https:\/\/yopiensoenpositivo.com\/online\/product\/2x1-ebook-manual-de-hooponopono-ley-de-atraccion-gratis\/#breadcrumb"},"inLanguage":"es","potentialAction":[{"@type":"ReadAction","target":["https:\/\/yopiensoenpositivo.com\/online\/product\/2x1-ebook-manual-de-hooponopono-ley-de-atraccion-gratis\/"]}]},{"@type":"ImageObject","inLanguage":"es","@id":"https:\/\/yopiensoenpositivo.com\/online\/product\/2x1-ebook-manual-de-hooponopono-ley-de-atraccion-gratis\/#primaryimage","url":"https:\/\/yopiensoenpositivo.com\/online\/wp-content\/uploads\/2024\/04\/2x1-hononopo-leyatraccion.jpg","contentUrl":"https:\/\/yopiensoenpositivo.com\/online\/wp-content\/uploads\/2024\/04\/2x1-hononopo-leyatraccion.jpg","width":1080,"height":1080},{"@type":"BreadcrumbList","@id":"https:\/\/yopiensoenpositivo.com\/online\/product\/2x1-ebook-manual-de-hooponopono-ley-de-atraccion-gratis\/#breadcrumb","itemListElement":[{"@type":"ListItem","position":1,"name":"Portada","item":"https:\/\/yopiensoenpositivo.com\/online\/"},{"@type":"ListItem","position":2,"name":"Shop","item":"https:\/\/yopiensoenpositivo.com\/online\/shop\/"},{"@type":"ListItem","position":3,"name":"2&#215;1 EBOOK MANUAL DE HO\u2019OPONOPONO + LEY DE ATRACCION GRATIS"}]},{"@type":"WebSite","@id":"https:\/\/yopiensoenpositivo.com\/online\/#website","url":"https:\/\/yopiensoenpositivo.com\/online\/","name":"Pienso En Positivo","description":"Te ayudamos a vivir y pensar en positivo","potentialAction":[{"@type":"SearchAction","target":{"@type":"EntryPoint","urlTemplate":"https:\/\/yopiensoenpositivo.com\/online\/?s={search_term_string}"},"query-input":{"@type":"PropertyValueSpecification","valueRequired":true,"valueName":"search_term_string"}}],"inLanguage":"es"}]}},"post_mailing_queue_ids":[],"_links":{"self":[{"href":"https:\/\/yopiensoenpositivo.com\/online\/wp-json\/wp\/v2\/product\/45756","targetHints":{"allow":["GET"]}}],"collection":[{"href":"https:\/\/yopiensoenpositivo.com\/online\/wp-json\/wp\/v2\/product"}],"about":[{"href":"https:\/\/yopiensoenpositivo.com\/online\/wp-json\/wp\/v2\/types\/product"}],"replies":[{"embeddable":true,"href":"https:\/\/yopiensoenpositivo.com\/online\/wp-json\/wp\/v2\/comments?post=45756"}],"wp:featuredmedia":[{"embeddable":true,"href":"https:\/\/yopiensoenpositivo.com\/online\/wp-json\/wp\/v2\/media\/45754"}],"wp:attachment":[{"href":"https:\/\/yopiensoenpositivo.com\/online\/wp-json\/wp\/v2\/media?parent=45756"}],"wp:term":[{"taxonomy":"product_brand","embeddable":true,"href":"https:\/\/yopiensoenpositivo.com\/online\/wp-json\/wp\/v2\/product_brand?post=45756"},{"taxonomy":"product_cat","embeddable":true,"href":"https:\/\/yopiensoenpositivo.com\/online\/wp-json\/wp\/v2\/product_cat?post=45756"},{"taxonomy":"product_tag","embeddable":true,"href":"https:\/\/yopiensoenpositivo.com\/online\/wp-json\/wp\/v2\/product_tag?post=45756"}],"curies":[{"name":"wp","href":"https:\/\/api.w.org\/{rel}","templated":true}]}}