{"id":42284,"date":"2023-05-20T08:16:47","date_gmt":"2023-05-20T12:16:47","guid":{"rendered":"https:\/\/yopiensoenpositivo.com\/online\/?post_type=product&#038;p=42284"},"modified":"2023-05-20T09:08:49","modified_gmt":"2023-05-20T13:08:49","slug":"los-habitos-de-la-gente-altamente-efectiva","status":"publish","type":"product","link":"https:\/\/yopiensoenpositivo.com\/online\/product\/los-habitos-de-la-gente-altamente-efectiva\/","title":{"rendered":"LOS H\u00c1BITOS DE LA GENTE ALTAMENTE EFECTIVA"},"content":{"rendered":"<p>Un manual de Nigel Cumberland que no puede faltar en tu biblioteca digital.<\/p>\n<p>Descarga el PDF de OBSEQUIO en tu PC o m\u00f3vil y disfr\u00fatalo cuando quieras.<\/p>\n<p>Desc\u00e1rgalo al completar el pedido con tus datos<\/p>\n<p>&nbsp;<\/p>\n","protected":false},"excerpt":{"rendered":"<p>1- A\u00f1ade este producto al carrito.<br \/>\n2- Revisa tu carrito de compra.<br \/>\n3- Completa el pedido elige el m\u00e9todo de pago.<br \/>\n4- Finaliza tu compra y te confirmaremos v\u00eda email.<br \/>\n5- En caso de pagar v\u00eda Paypal, se ejecuta de inmediato el link de descarga.<\/p>\n","protected":false},"featured_media":42289,"comment_status":"open","ping_status":"closed","template":"","meta":[],"product_brand":[],"product_cat":[237,180,181],"product_tag":[183,184,186,185],"class_list":{"0":"post-42284","1":"product","2":"type-product","3":"status-publish","4":"has-post-thumbnail","6":"product_cat-gratis","7":"product_cat-manuales","8":"product_cat-pensamiento-positivo","9":"product_tag-autoestima","10":"product_tag-metas","11":"product_tag-pensamiento-positivo","12":"product_tag-superacion","14":"first","15":"instock","16":"downloadable","17":"shipping-taxable","18":"purchasable","19":"product-type-simple"},"yoast_head":"<!-- This site is optimized with the Yoast SEO plugin v27.4 - https:\/\/yoast.com\/product\/yoast-seo-wordpress\/ -->\n<title>LOS H\u00c1BITOS DE LA GENTE ALTAMENTE EFECTIVA - Pienso En Positivo<\/title>\n<meta name=\"description\" content=\"Todos sabemos qu\u00e9 tipo de persona queremos ser. Cada uno de nosotros tenemos nuestros h\u00e1bitos y estamos expuestos\" \/>\n<meta name=\"robots\" content=\"index, follow, max-snippet:-1, max-image-preview:large, max-video-preview:-1\" \/>\n<link rel=\"canonical\" href=\"https:\/\/yopiensoenpositivo.com\/online\/product\/los-habitos-de-la-gente-altamente-efectiva\/\" \/>\n<meta property=\"og:locale\" content=\"es_ES\" \/>\n<meta property=\"og:type\" content=\"article\" \/>\n<meta property=\"og:title\" content=\"LOS H\u00c1BITOS DE LA GENTE ALTAMENTE EFECTIVA - Pienso En Positivo\" \/>\n<meta property=\"og:description\" content=\"Todos sabemos qu\u00e9 tipo de persona queremos ser. Cada uno de nosotros tenemos nuestros h\u00e1bitos y estamos expuestos\" \/>\n<meta property=\"og:url\" content=\"https:\/\/yopiensoenpositivo.com\/online\/product\/los-habitos-de-la-gente-altamente-efectiva\/\" \/>\n<meta property=\"og:site_name\" content=\"Pienso En Positivo\" \/>\n<meta property=\"article:modified_time\" content=\"2023-05-20T13:08:49+00:00\" \/>\n<meta property=\"og:image\" content=\"https:\/\/yopiensoenpositivo.com\/online\/wp-content\/uploads\/2023\/05\/habitos-exitposos.png\" \/>\n\t<meta property=\"og:image:width\" content=\"1080\" \/>\n\t<meta property=\"og:image:height\" content=\"1080\" \/>\n\t<meta property=\"og:image:type\" content=\"image\/png\" \/>\n<meta name=\"twitter:card\" content=\"summary_large_image\" \/>\n<meta name=\"twitter:label1\" content=\"Tiempo de lectura\" \/>\n\t<meta name=\"twitter:data1\" content=\"1 minuto\" \/>\n<script type=\"application\/ld+json\" class=\"yoast-schema-graph\">{\"@context\":\"https:\\\/\\\/schema.org\",\"@graph\":[{\"@type\":\"WebPage\",\"@id\":\"https:\\\/\\\/yopiensoenpositivo.com\\\/online\\\/product\\\/los-habitos-de-la-gente-altamente-efectiva\\\/\",\"url\":\"https:\\\/\\\/yopiensoenpositivo.com\\\/online\\\/product\\\/los-habitos-de-la-gente-altamente-efectiva\\\/\",\"name\":\"LOS H\u00c1BITOS DE LA GENTE ALTAMENTE EFECTIVA - Pienso En Positivo\",\"isPartOf\":{\"@id\":\"https:\\\/\\\/yopiensoenpositivo.com\\\/online\\\/#website\"},\"primaryImageOfPage\":{\"@id\":\"https:\\\/\\\/yopiensoenpositivo.com\\\/online\\\/product\\\/los-habitos-de-la-gente-altamente-efectiva\\\/#primaryimage\"},\"image\":{\"@id\":\"https:\\\/\\\/yopiensoenpositivo.com\\\/online\\\/product\\\/los-habitos-de-la-gente-altamente-efectiva\\\/#primaryimage\"},\"thumbnailUrl\":\"https:\\\/\\\/yopiensoenpositivo.com\\\/online\\\/wp-content\\\/uploads\\\/2023\\\/05\\\/habitos-exitposos.png\",\"datePublished\":\"2023-05-20T12:16:47+00:00\",\"dateModified\":\"2023-05-20T13:08:49+00:00\",\"description\":\"Todos sabemos qu\u00e9 tipo de persona queremos ser. Cada uno de nosotros tenemos nuestros h\u00e1bitos y estamos expuestos\",\"breadcrumb\":{\"@id\":\"https:\\\/\\\/yopiensoenpositivo.com\\\/online\\\/product\\\/los-habitos-de-la-gente-altamente-efectiva\\\/#breadcrumb\"},\"inLanguage\":\"es\",\"potentialAction\":[{\"@type\":\"ReadAction\",\"target\":[\"https:\\\/\\\/yopiensoenpositivo.com\\\/online\\\/product\\\/los-habitos-de-la-gente-altamente-efectiva\\\/\"]}]},{\"@type\":\"ImageObject\",\"inLanguage\":\"es\",\"@id\":\"https:\\\/\\\/yopiensoenpositivo.com\\\/online\\\/product\\\/los-habitos-de-la-gente-altamente-efectiva\\\/#primaryimage\",\"url\":\"https:\\\/\\\/yopiensoenpositivo.com\\\/online\\\/wp-content\\\/uploads\\\/2023\\\/05\\\/habitos-exitposos.png\",\"contentUrl\":\"https:\\\/\\\/yopiensoenpositivo.com\\\/online\\\/wp-content\\\/uploads\\\/2023\\\/05\\\/habitos-exitposos.png\",\"width\":1080,\"height\":1080},{\"@type\":\"BreadcrumbList\",\"@id\":\"https:\\\/\\\/yopiensoenpositivo.com\\\/online\\\/product\\\/los-habitos-de-la-gente-altamente-efectiva\\\/#breadcrumb\",\"itemListElement\":[{\"@type\":\"ListItem\",\"position\":1,\"name\":\"Portada\",\"item\":\"https:\\\/\\\/yopiensoenpositivo.com\\\/online\\\/\"},{\"@type\":\"ListItem\",\"position\":2,\"name\":\"Shop\",\"item\":\"https:\\\/\\\/yopiensoenpositivo.com\\\/online\\\/shop\\\/\"},{\"@type\":\"ListItem\",\"position\":3,\"name\":\"LOS H\u00c1BITOS DE LA GENTE ALTAMENTE EFECTIVA\"}]},{\"@type\":\"WebSite\",\"@id\":\"https:\\\/\\\/yopiensoenpositivo.com\\\/online\\\/#website\",\"url\":\"https:\\\/\\\/yopiensoenpositivo.com\\\/online\\\/\",\"name\":\"Pienso En Positivo\",\"description\":\"Te ayudamos a vivir y pensar en positivo\",\"potentialAction\":[{\"@type\":\"SearchAction\",\"target\":{\"@type\":\"EntryPoint\",\"urlTemplate\":\"https:\\\/\\\/yopiensoenpositivo.com\\\/online\\\/?s={search_term_string}\"},\"query-input\":{\"@type\":\"PropertyValueSpecification\",\"valueRequired\":true,\"valueName\":\"search_term_string\"}}],\"inLanguage\":\"es\"}]}<\/script>\n<!-- \/ Yoast SEO plugin. -->","yoast_head_json":{"title":"LOS H\u00c1BITOS DE LA GENTE ALTAMENTE EFECTIVA - Pienso En Positivo","description":"Todos sabemos qu\u00e9 tipo de persona queremos ser. Cada uno de nosotros tenemos nuestros h\u00e1bitos y estamos expuestos","robots":{"index":"index","follow":"follow","max-snippet":"max-snippet:-1","max-image-preview":"max-image-preview:large","max-video-preview":"max-video-preview:-1"},"canonical":"https:\/\/yopiensoenpositivo.com\/online\/product\/los-habitos-de-la-gente-altamente-efectiva\/","og_locale":"es_ES","og_type":"article","og_title":"LOS H\u00c1BITOS DE LA GENTE ALTAMENTE EFECTIVA - Pienso En Positivo","og_description":"Todos sabemos qu\u00e9 tipo de persona queremos ser. Cada uno de nosotros tenemos nuestros h\u00e1bitos y estamos expuestos","og_url":"https:\/\/yopiensoenpositivo.com\/online\/product\/los-habitos-de-la-gente-altamente-efectiva\/","og_site_name":"Pienso En Positivo","article_modified_time":"2023-05-20T13:08:49+00:00","og_image":[{"width":1080,"height":1080,"url":"https:\/\/yopiensoenpositivo.com\/online\/wp-content\/uploads\/2023\/05\/habitos-exitposos.png","type":"image\/png"}],"twitter_card":"summary_large_image","twitter_misc":{"Tiempo de lectura":"1 minuto"},"schema":{"@context":"https:\/\/schema.org","@graph":[{"@type":"WebPage","@id":"https:\/\/yopiensoenpositivo.com\/online\/product\/los-habitos-de-la-gente-altamente-efectiva\/","url":"https:\/\/yopiensoenpositivo.com\/online\/product\/los-habitos-de-la-gente-altamente-efectiva\/","name":"LOS H\u00c1BITOS DE LA GENTE ALTAMENTE EFECTIVA - Pienso En Positivo","isPartOf":{"@id":"https:\/\/yopiensoenpositivo.com\/online\/#website"},"primaryImageOfPage":{"@id":"https:\/\/yopiensoenpositivo.com\/online\/product\/los-habitos-de-la-gente-altamente-efectiva\/#primaryimage"},"image":{"@id":"https:\/\/yopiensoenpositivo.com\/online\/product\/los-habitos-de-la-gente-altamente-efectiva\/#primaryimage"},"thumbnailUrl":"https:\/\/yopiensoenpositivo.com\/online\/wp-content\/uploads\/2023\/05\/habitos-exitposos.png","datePublished":"2023-05-20T12:16:47+00:00","dateModified":"2023-05-20T13:08:49+00:00","description":"Todos sabemos qu\u00e9 tipo de persona queremos ser. Cada uno de nosotros tenemos nuestros h\u00e1bitos y estamos expuestos","breadcrumb":{"@id":"https:\/\/yopiensoenpositivo.com\/online\/product\/los-habitos-de-la-gente-altamente-efectiva\/#breadcrumb"},"inLanguage":"es","potentialAction":[{"@type":"ReadAction","target":["https:\/\/yopiensoenpositivo.com\/online\/product\/los-habitos-de-la-gente-altamente-efectiva\/"]}]},{"@type":"ImageObject","inLanguage":"es","@id":"https:\/\/yopiensoenpositivo.com\/online\/product\/los-habitos-de-la-gente-altamente-efectiva\/#primaryimage","url":"https:\/\/yopiensoenpositivo.com\/online\/wp-content\/uploads\/2023\/05\/habitos-exitposos.png","contentUrl":"https:\/\/yopiensoenpositivo.com\/online\/wp-content\/uploads\/2023\/05\/habitos-exitposos.png","width":1080,"height":1080},{"@type":"BreadcrumbList","@id":"https:\/\/yopiensoenpositivo.com\/online\/product\/los-habitos-de-la-gente-altamente-efectiva\/#breadcrumb","itemListElement":[{"@type":"ListItem","position":1,"name":"Portada","item":"https:\/\/yopiensoenpositivo.com\/online\/"},{"@type":"ListItem","position":2,"name":"Shop","item":"https:\/\/yopiensoenpositivo.com\/online\/shop\/"},{"@type":"ListItem","position":3,"name":"LOS H\u00c1BITOS DE LA GENTE ALTAMENTE EFECTIVA"}]},{"@type":"WebSite","@id":"https:\/\/yopiensoenpositivo.com\/online\/#website","url":"https:\/\/yopiensoenpositivo.com\/online\/","name":"Pienso En Positivo","description":"Te ayudamos a vivir y pensar en positivo","potentialAction":[{"@type":"SearchAction","target":{"@type":"EntryPoint","urlTemplate":"https:\/\/yopiensoenpositivo.com\/online\/?s={search_term_string}"},"query-input":{"@type":"PropertyValueSpecification","valueRequired":true,"valueName":"search_term_string"}}],"inLanguage":"es"}]}},"post_mailing_queue_ids":[],"_links":{"self":[{"href":"https:\/\/yopiensoenpositivo.com\/online\/wp-json\/wp\/v2\/product\/42284","targetHints":{"allow":["GET"]}}],"collection":[{"href":"https:\/\/yopiensoenpositivo.com\/online\/wp-json\/wp\/v2\/product"}],"about":[{"href":"https:\/\/yopiensoenpositivo.com\/online\/wp-json\/wp\/v2\/types\/product"}],"replies":[{"embeddable":true,"href":"https:\/\/yopiensoenpositivo.com\/online\/wp-json\/wp\/v2\/comments?post=42284"}],"wp:featuredmedia":[{"embeddable":true,"href":"https:\/\/yopiensoenpositivo.com\/online\/wp-json\/wp\/v2\/media\/42289"}],"wp:attachment":[{"href":"https:\/\/yopiensoenpositivo.com\/online\/wp-json\/wp\/v2\/media?parent=42284"}],"wp:term":[{"taxonomy":"product_brand","embeddable":true,"href":"https:\/\/yopiensoenpositivo.com\/online\/wp-json\/wp\/v2\/product_brand?post=42284"},{"taxonomy":"product_cat","embeddable":true,"href":"https:\/\/yopiensoenpositivo.com\/online\/wp-json\/wp\/v2\/product_cat?post=42284"},{"taxonomy":"product_tag","embeddable":true,"href":"https:\/\/yopiensoenpositivo.com\/online\/wp-json\/wp\/v2\/product_tag?post=42284"}],"curies":[{"name":"wp","href":"https:\/\/api.w.org\/{rel}","templated":true}]}}