{"id":41993,"date":"2023-04-11T15:49:24","date_gmt":"2023-04-11T19:49:24","guid":{"rendered":"https:\/\/yopiensoenpositivo.com\/online\/?post_type=product&#038;p=41993"},"modified":"2023-05-20T09:11:14","modified_gmt":"2023-05-20T13:11:14","slug":"manual-limpia-tu-mente-del-pensamiento-negativo","status":"publish","type":"product","link":"https:\/\/yopiensoenpositivo.com\/online\/product\/manual-limpia-tu-mente-del-pensamiento-negativo\/","title":{"rendered":"MANUAL LIMPIA TU MENTE DEL PENSAMIENTO NEGATIVO"},"content":{"rendered":"<p>Un Manual que te dar\u00e1 herramientas valiosas para superar esos pensamientos negativos<\/p>\n<p>Descripci\u00f3n del material:<br \/>\nFormato descargable en PDF de f\u00e1cil lectura y comprensi\u00f3n apto para cualquier dispositivo m\u00f3vil.<\/p>\n<p>Al comprar v\u00eda Paypal autom\u00e1ticamente te llegar\u00e1 un link de descarga al correo.<\/p>\n","protected":false},"excerpt":{"rendered":"<p>1- A\u00f1ade este producto al carrito.<br \/>\n2- Revisa tu carrito de compra.<br \/>\n3- Completa el pedido elige el m\u00e9todo de pago.<br \/>\n4- Finaliza tu compra y te confirmaremos v\u00eda email.<br \/>\n5- En caso de pagar v\u00eda Paypal, se ejecuta de inmediato el link de descarga.<\/p>\n","protected":false},"featured_media":41995,"comment_status":"open","ping_status":"closed","template":"","meta":[],"product_brand":[],"product_cat":[180,181],"product_tag":[182,252,183,253,184,186,185],"class_list":{"0":"post-41993","1":"product","2":"type-product","3":"status-publish","4":"has-post-thumbnail","6":"product_cat-manuales","7":"product_cat-pensamiento-positivo","8":"product_tag-amor-propio","9":"product_tag-atraccion","10":"product_tag-autoestima","11":"product_tag-ley-de-atraccion","12":"product_tag-metas","13":"product_tag-pensamiento-positivo","14":"product_tag-superacion","16":"first","17":"instock","18":"sale","19":"downloadable","20":"shipping-taxable","21":"purchasable","22":"product-type-simple"},"yoast_head":"<!-- This site is optimized with the Yoast SEO plugin v27.4 - https:\/\/yoast.com\/product\/yoast-seo-wordpress\/ -->\n<title>MANUAL LIMPIA TU MENTE DEL PENSAMIENTO NEGATIVO - Pienso En Positivo<\/title>\n<meta name=\"description\" content=\"Un pensamiento negativo es un patr\u00f3n de pensamiento en el que una persona se enfoca en los aspectos desfavorables o desalentadores de un...\" \/>\n<meta name=\"robots\" content=\"index, follow, max-snippet:-1, max-image-preview:large, max-video-preview:-1\" \/>\n<link rel=\"canonical\" href=\"https:\/\/yopiensoenpositivo.com\/online\/product\/manual-limpia-tu-mente-del-pensamiento-negativo\/\" \/>\n<meta property=\"og:locale\" content=\"es_ES\" \/>\n<meta property=\"og:type\" content=\"article\" \/>\n<meta property=\"og:title\" content=\"MANUAL LIMPIA TU MENTE DEL PENSAMIENTO NEGATIVO - Pienso En Positivo\" \/>\n<meta property=\"og:description\" content=\"Un pensamiento negativo es un patr\u00f3n de pensamiento en el que una persona se enfoca en los aspectos desfavorables o desalentadores de un...\" \/>\n<meta property=\"og:url\" content=\"https:\/\/yopiensoenpositivo.com\/online\/product\/manual-limpia-tu-mente-del-pensamiento-negativo\/\" \/>\n<meta property=\"og:site_name\" content=\"Pienso En Positivo\" \/>\n<meta property=\"article:modified_time\" content=\"2023-05-20T13:11:14+00:00\" \/>\n<meta property=\"og:image\" content=\"https:\/\/yopiensoenpositivo.com\/online\/wp-content\/uploads\/2023\/04\/limpia-tu-mente.png\" \/>\n\t<meta property=\"og:image:width\" content=\"1080\" \/>\n\t<meta property=\"og:image:height\" content=\"1080\" \/>\n\t<meta property=\"og:image:type\" content=\"image\/png\" \/>\n<meta name=\"twitter:card\" content=\"summary_large_image\" \/>\n<meta name=\"twitter:label1\" content=\"Tiempo de lectura\" \/>\n\t<meta name=\"twitter:data1\" content=\"1 minuto\" \/>\n<script type=\"application\/ld+json\" class=\"yoast-schema-graph\">{\"@context\":\"https:\\\/\\\/schema.org\",\"@graph\":[{\"@type\":\"WebPage\",\"@id\":\"https:\\\/\\\/yopiensoenpositivo.com\\\/online\\\/product\\\/manual-limpia-tu-mente-del-pensamiento-negativo\\\/\",\"url\":\"https:\\\/\\\/yopiensoenpositivo.com\\\/online\\\/product\\\/manual-limpia-tu-mente-del-pensamiento-negativo\\\/\",\"name\":\"MANUAL LIMPIA TU MENTE DEL PENSAMIENTO NEGATIVO - Pienso En Positivo\",\"isPartOf\":{\"@id\":\"https:\\\/\\\/yopiensoenpositivo.com\\\/online\\\/#website\"},\"primaryImageOfPage\":{\"@id\":\"https:\\\/\\\/yopiensoenpositivo.com\\\/online\\\/product\\\/manual-limpia-tu-mente-del-pensamiento-negativo\\\/#primaryimage\"},\"image\":{\"@id\":\"https:\\\/\\\/yopiensoenpositivo.com\\\/online\\\/product\\\/manual-limpia-tu-mente-del-pensamiento-negativo\\\/#primaryimage\"},\"thumbnailUrl\":\"https:\\\/\\\/yopiensoenpositivo.com\\\/online\\\/wp-content\\\/uploads\\\/2023\\\/04\\\/limpia-tu-mente.png\",\"datePublished\":\"2023-04-11T19:49:24+00:00\",\"dateModified\":\"2023-05-20T13:11:14+00:00\",\"description\":\"Un pensamiento negativo es un patr\u00f3n de pensamiento en el que una persona se enfoca en los aspectos desfavorables o desalentadores de un...\",\"breadcrumb\":{\"@id\":\"https:\\\/\\\/yopiensoenpositivo.com\\\/online\\\/product\\\/manual-limpia-tu-mente-del-pensamiento-negativo\\\/#breadcrumb\"},\"inLanguage\":\"es\",\"potentialAction\":[{\"@type\":\"ReadAction\",\"target\":[\"https:\\\/\\\/yopiensoenpositivo.com\\\/online\\\/product\\\/manual-limpia-tu-mente-del-pensamiento-negativo\\\/\"]}]},{\"@type\":\"ImageObject\",\"inLanguage\":\"es\",\"@id\":\"https:\\\/\\\/yopiensoenpositivo.com\\\/online\\\/product\\\/manual-limpia-tu-mente-del-pensamiento-negativo\\\/#primaryimage\",\"url\":\"https:\\\/\\\/yopiensoenpositivo.com\\\/online\\\/wp-content\\\/uploads\\\/2023\\\/04\\\/limpia-tu-mente.png\",\"contentUrl\":\"https:\\\/\\\/yopiensoenpositivo.com\\\/online\\\/wp-content\\\/uploads\\\/2023\\\/04\\\/limpia-tu-mente.png\",\"width\":1080,\"height\":1080},{\"@type\":\"BreadcrumbList\",\"@id\":\"https:\\\/\\\/yopiensoenpositivo.com\\\/online\\\/product\\\/manual-limpia-tu-mente-del-pensamiento-negativo\\\/#breadcrumb\",\"itemListElement\":[{\"@type\":\"ListItem\",\"position\":1,\"name\":\"Portada\",\"item\":\"https:\\\/\\\/yopiensoenpositivo.com\\\/online\\\/\"},{\"@type\":\"ListItem\",\"position\":2,\"name\":\"Shop\",\"item\":\"https:\\\/\\\/yopiensoenpositivo.com\\\/online\\\/shop\\\/\"},{\"@type\":\"ListItem\",\"position\":3,\"name\":\"MANUAL LIMPIA TU MENTE DEL PENSAMIENTO NEGATIVO\"}]},{\"@type\":\"WebSite\",\"@id\":\"https:\\\/\\\/yopiensoenpositivo.com\\\/online\\\/#website\",\"url\":\"https:\\\/\\\/yopiensoenpositivo.com\\\/online\\\/\",\"name\":\"Pienso En Positivo\",\"description\":\"Te ayudamos a vivir y pensar en positivo\",\"potentialAction\":[{\"@type\":\"SearchAction\",\"target\":{\"@type\":\"EntryPoint\",\"urlTemplate\":\"https:\\\/\\\/yopiensoenpositivo.com\\\/online\\\/?s={search_term_string}\"},\"query-input\":{\"@type\":\"PropertyValueSpecification\",\"valueRequired\":true,\"valueName\":\"search_term_string\"}}],\"inLanguage\":\"es\"}]}<\/script>\n<!-- \/ Yoast SEO plugin. -->","yoast_head_json":{"title":"MANUAL LIMPIA TU MENTE DEL PENSAMIENTO NEGATIVO - Pienso En Positivo","description":"Un pensamiento negativo es un patr\u00f3n de pensamiento en el que una persona se enfoca en los aspectos desfavorables o desalentadores de un...","robots":{"index":"index","follow":"follow","max-snippet":"max-snippet:-1","max-image-preview":"max-image-preview:large","max-video-preview":"max-video-preview:-1"},"canonical":"https:\/\/yopiensoenpositivo.com\/online\/product\/manual-limpia-tu-mente-del-pensamiento-negativo\/","og_locale":"es_ES","og_type":"article","og_title":"MANUAL LIMPIA TU MENTE DEL PENSAMIENTO NEGATIVO - Pienso En Positivo","og_description":"Un pensamiento negativo es un patr\u00f3n de pensamiento en el que una persona se enfoca en los aspectos desfavorables o desalentadores de un...","og_url":"https:\/\/yopiensoenpositivo.com\/online\/product\/manual-limpia-tu-mente-del-pensamiento-negativo\/","og_site_name":"Pienso En Positivo","article_modified_time":"2023-05-20T13:11:14+00:00","og_image":[{"width":1080,"height":1080,"url":"https:\/\/yopiensoenpositivo.com\/online\/wp-content\/uploads\/2023\/04\/limpia-tu-mente.png","type":"image\/png"}],"twitter_card":"summary_large_image","twitter_misc":{"Tiempo de lectura":"1 minuto"},"schema":{"@context":"https:\/\/schema.org","@graph":[{"@type":"WebPage","@id":"https:\/\/yopiensoenpositivo.com\/online\/product\/manual-limpia-tu-mente-del-pensamiento-negativo\/","url":"https:\/\/yopiensoenpositivo.com\/online\/product\/manual-limpia-tu-mente-del-pensamiento-negativo\/","name":"MANUAL LIMPIA TU MENTE DEL PENSAMIENTO NEGATIVO - Pienso En Positivo","isPartOf":{"@id":"https:\/\/yopiensoenpositivo.com\/online\/#website"},"primaryImageOfPage":{"@id":"https:\/\/yopiensoenpositivo.com\/online\/product\/manual-limpia-tu-mente-del-pensamiento-negativo\/#primaryimage"},"image":{"@id":"https:\/\/yopiensoenpositivo.com\/online\/product\/manual-limpia-tu-mente-del-pensamiento-negativo\/#primaryimage"},"thumbnailUrl":"https:\/\/yopiensoenpositivo.com\/online\/wp-content\/uploads\/2023\/04\/limpia-tu-mente.png","datePublished":"2023-04-11T19:49:24+00:00","dateModified":"2023-05-20T13:11:14+00:00","description":"Un pensamiento negativo es un patr\u00f3n de pensamiento en el que una persona se enfoca en los aspectos desfavorables o desalentadores de un...","breadcrumb":{"@id":"https:\/\/yopiensoenpositivo.com\/online\/product\/manual-limpia-tu-mente-del-pensamiento-negativo\/#breadcrumb"},"inLanguage":"es","potentialAction":[{"@type":"ReadAction","target":["https:\/\/yopiensoenpositivo.com\/online\/product\/manual-limpia-tu-mente-del-pensamiento-negativo\/"]}]},{"@type":"ImageObject","inLanguage":"es","@id":"https:\/\/yopiensoenpositivo.com\/online\/product\/manual-limpia-tu-mente-del-pensamiento-negativo\/#primaryimage","url":"https:\/\/yopiensoenpositivo.com\/online\/wp-content\/uploads\/2023\/04\/limpia-tu-mente.png","contentUrl":"https:\/\/yopiensoenpositivo.com\/online\/wp-content\/uploads\/2023\/04\/limpia-tu-mente.png","width":1080,"height":1080},{"@type":"BreadcrumbList","@id":"https:\/\/yopiensoenpositivo.com\/online\/product\/manual-limpia-tu-mente-del-pensamiento-negativo\/#breadcrumb","itemListElement":[{"@type":"ListItem","position":1,"name":"Portada","item":"https:\/\/yopiensoenpositivo.com\/online\/"},{"@type":"ListItem","position":2,"name":"Shop","item":"https:\/\/yopiensoenpositivo.com\/online\/shop\/"},{"@type":"ListItem","position":3,"name":"MANUAL LIMPIA TU MENTE DEL PENSAMIENTO NEGATIVO"}]},{"@type":"WebSite","@id":"https:\/\/yopiensoenpositivo.com\/online\/#website","url":"https:\/\/yopiensoenpositivo.com\/online\/","name":"Pienso En Positivo","description":"Te ayudamos a vivir y pensar en positivo","potentialAction":[{"@type":"SearchAction","target":{"@type":"EntryPoint","urlTemplate":"https:\/\/yopiensoenpositivo.com\/online\/?s={search_term_string}"},"query-input":{"@type":"PropertyValueSpecification","valueRequired":true,"valueName":"search_term_string"}}],"inLanguage":"es"}]}},"post_mailing_queue_ids":[],"_links":{"self":[{"href":"https:\/\/yopiensoenpositivo.com\/online\/wp-json\/wp\/v2\/product\/41993","targetHints":{"allow":["GET"]}}],"collection":[{"href":"https:\/\/yopiensoenpositivo.com\/online\/wp-json\/wp\/v2\/product"}],"about":[{"href":"https:\/\/yopiensoenpositivo.com\/online\/wp-json\/wp\/v2\/types\/product"}],"replies":[{"embeddable":true,"href":"https:\/\/yopiensoenpositivo.com\/online\/wp-json\/wp\/v2\/comments?post=41993"}],"wp:featuredmedia":[{"embeddable":true,"href":"https:\/\/yopiensoenpositivo.com\/online\/wp-json\/wp\/v2\/media\/41995"}],"wp:attachment":[{"href":"https:\/\/yopiensoenpositivo.com\/online\/wp-json\/wp\/v2\/media?parent=41993"}],"wp:term":[{"taxonomy":"product_brand","embeddable":true,"href":"https:\/\/yopiensoenpositivo.com\/online\/wp-json\/wp\/v2\/product_brand?post=41993"},{"taxonomy":"product_cat","embeddable":true,"href":"https:\/\/yopiensoenpositivo.com\/online\/wp-json\/wp\/v2\/product_cat?post=41993"},{"taxonomy":"product_tag","embeddable":true,"href":"https:\/\/yopiensoenpositivo.com\/online\/wp-json\/wp\/v2\/product_tag?post=41993"}],"curies":[{"name":"wp","href":"https:\/\/api.w.org\/{rel}","templated":true}]}}