{"id":40428,"date":"2022-10-15T10:47:07","date_gmt":"2022-10-15T14:47:07","guid":{"rendered":"https:\/\/yopiensoenpositivo.com\/online\/?post_type=product&#038;p=40428"},"modified":"2023-05-20T09:18:35","modified_gmt":"2023-05-20T13:18:35","slug":"manual-gratuito-codigos-sagrados","status":"publish","type":"product","link":"https:\/\/yopiensoenpositivo.com\/online\/product\/manual-gratuito-codigos-sagrados\/","title":{"rendered":"MANUAL GRATUITO C\u00d3DIGOS SAGRADOS"},"content":{"rendered":"<p>Un manual que no debe faltar en tu biblioteca digital.<\/p>\n<p>Descarga el PDF de OBSEQUIO en tu PC o m\u00f3vil y disfr\u00fatalo cuando quieras.<\/p>\n<p><a href=\"https:\/\/yopiensoenpositivo.com\/online\/wp-content\/uploads\/2022\/06\/Codigos-Sagrados-Actualizados-Pienso-en-Positivo.pdf\"><img decoding=\"async\" class=\"alignnone size-full wp-image-40431 lazyload\" data-src=\"https:\/\/yopiensoenpositivo.com\/online\/wp-content\/uploads\/2022\/10\/DESCARGA-PDF.png\" alt=\"\" width=\"140\" height=\"140\" data-srcset=\"https:\/\/yopiensoenpositivo.com\/online\/wp-content\/uploads\/2022\/10\/DESCARGA-PDF.png 140w, https:\/\/yopiensoenpositivo.com\/online\/wp-content\/uploads\/2022\/10\/DESCARGA-PDF-80x80.png 80w, https:\/\/yopiensoenpositivo.com\/online\/wp-content\/uploads\/2022\/10\/DESCARGA-PDF-100x100.png 100w\" data-sizes=\"(max-width: 140px) 100vw, 140px\" src=\"data:image\/svg+xml;base64,PHN2ZyB3aWR0aD0iMSIgaGVpZ2h0PSIxIiB4bWxucz0iaHR0cDovL3d3dy53My5vcmcvMjAwMC9zdmciPjwvc3ZnPg==\" style=\"--smush-placeholder-width: 140px; --smush-placeholder-aspect-ratio: 140\/140;\" \/><\/a><\/p>\n","protected":false},"excerpt":{"rendered":"<p>1- A\u00f1ade este producto al carrito.<br \/>\n2- Revisa tu carrito de compra.<br \/>\n3- Completa el pedido elige el m\u00e9todo de pago.<br \/>\n4- Finaliza tu compra y te confirmaremos v\u00eda email.<br \/>\n5- En caso de pagar v\u00eda Paypal, se ejecuta de inmediato el link de descarga.<\/p>\n","protected":false},"featured_media":40432,"comment_status":"open","ping_status":"closed","template":"","meta":[],"product_brand":[],"product_cat":[237,180,181],"product_tag":[182,183,184,186,185],"class_list":{"0":"post-40428","1":"product","2":"type-product","3":"status-publish","4":"has-post-thumbnail","6":"product_cat-gratis","7":"product_cat-manuales","8":"product_cat-pensamiento-positivo","9":"product_tag-amor-propio","10":"product_tag-autoestima","11":"product_tag-metas","12":"product_tag-pensamiento-positivo","13":"product_tag-superacion","15":"first","16":"instock","17":"downloadable","18":"shipping-taxable","19":"purchasable","20":"product-type-simple"},"yoast_head":"<!-- This site is optimized with the Yoast SEO plugin v27.5 - https:\/\/yoast.com\/product\/yoast-seo-wordpress\/ -->\n<title>MANUAL GRATUITO C\u00d3DIGOS SAGRADOS - Pienso En Positivo<\/title>\n<meta name=\"robots\" content=\"index, follow, max-snippet:-1, max-image-preview:large, max-video-preview:-1\" \/>\n<link rel=\"canonical\" href=\"https:\/\/yopiensoenpositivo.com\/online\/product\/manual-gratuito-codigos-sagrados\/\" \/>\n<meta property=\"og:locale\" content=\"es_ES\" \/>\n<meta property=\"og:type\" content=\"article\" \/>\n<meta property=\"og:title\" content=\"MANUAL GRATUITO C\u00d3DIGOS SAGRADOS - Pienso En Positivo\" \/>\n<meta property=\"og:description\" content=\"1- A\u00f1ade este producto al carrito. 2- Revisa tu carrito de compra. 3- Completa el pedido elige el m\u00e9todo de pago. 4- Finaliza tu compra y te confirmaremos v\u00eda email. 5- En caso de pagar v\u00eda Paypal, se ejecuta de inmediato el link de descarga.\" \/>\n<meta property=\"og:url\" content=\"https:\/\/yopiensoenpositivo.com\/online\/product\/manual-gratuito-codigos-sagrados\/\" \/>\n<meta property=\"og:site_name\" content=\"Pienso En Positivo\" \/>\n<meta property=\"article:modified_time\" content=\"2023-05-20T13:18:35+00:00\" \/>\n<meta property=\"og:image\" content=\"https:\/\/yopiensoenpositivo.com\/online\/wp-content\/uploads\/2022\/10\/codigos-sagardosnew.png\" \/>\n\t<meta property=\"og:image:width\" content=\"1080\" \/>\n\t<meta property=\"og:image:height\" content=\"1080\" \/>\n\t<meta property=\"og:image:type\" content=\"image\/png\" \/>\n<meta name=\"twitter:card\" content=\"summary_large_image\" \/>\n<meta name=\"twitter:label1\" content=\"Tiempo de lectura\" \/>\n\t<meta name=\"twitter:data1\" content=\"1 minuto\" \/>\n<script type=\"application\/ld+json\" class=\"yoast-schema-graph\">{\"@context\":\"https:\\\/\\\/schema.org\",\"@graph\":[{\"@type\":\"WebPage\",\"@id\":\"https:\\\/\\\/yopiensoenpositivo.com\\\/online\\\/product\\\/manual-gratuito-codigos-sagrados\\\/\",\"url\":\"https:\\\/\\\/yopiensoenpositivo.com\\\/online\\\/product\\\/manual-gratuito-codigos-sagrados\\\/\",\"name\":\"MANUAL GRATUITO C\u00d3DIGOS SAGRADOS - Pienso En Positivo\",\"isPartOf\":{\"@id\":\"https:\\\/\\\/yopiensoenpositivo.com\\\/online\\\/#website\"},\"primaryImageOfPage\":{\"@id\":\"https:\\\/\\\/yopiensoenpositivo.com\\\/online\\\/product\\\/manual-gratuito-codigos-sagrados\\\/#primaryimage\"},\"image\":{\"@id\":\"https:\\\/\\\/yopiensoenpositivo.com\\\/online\\\/product\\\/manual-gratuito-codigos-sagrados\\\/#primaryimage\"},\"thumbnailUrl\":\"https:\\\/\\\/yopiensoenpositivo.com\\\/online\\\/wp-content\\\/uploads\\\/2022\\\/10\\\/codigos-sagardosnew.png\",\"datePublished\":\"2022-10-15T14:47:07+00:00\",\"dateModified\":\"2023-05-20T13:18:35+00:00\",\"breadcrumb\":{\"@id\":\"https:\\\/\\\/yopiensoenpositivo.com\\\/online\\\/product\\\/manual-gratuito-codigos-sagrados\\\/#breadcrumb\"},\"inLanguage\":\"es\",\"potentialAction\":[{\"@type\":\"ReadAction\",\"target\":[\"https:\\\/\\\/yopiensoenpositivo.com\\\/online\\\/product\\\/manual-gratuito-codigos-sagrados\\\/\"]}]},{\"@type\":\"ImageObject\",\"inLanguage\":\"es\",\"@id\":\"https:\\\/\\\/yopiensoenpositivo.com\\\/online\\\/product\\\/manual-gratuito-codigos-sagrados\\\/#primaryimage\",\"url\":\"https:\\\/\\\/yopiensoenpositivo.com\\\/online\\\/wp-content\\\/uploads\\\/2022\\\/10\\\/codigos-sagardosnew.png\",\"contentUrl\":\"https:\\\/\\\/yopiensoenpositivo.com\\\/online\\\/wp-content\\\/uploads\\\/2022\\\/10\\\/codigos-sagardosnew.png\",\"width\":1080,\"height\":1080},{\"@type\":\"BreadcrumbList\",\"@id\":\"https:\\\/\\\/yopiensoenpositivo.com\\\/online\\\/product\\\/manual-gratuito-codigos-sagrados\\\/#breadcrumb\",\"itemListElement\":[{\"@type\":\"ListItem\",\"position\":1,\"name\":\"Portada\",\"item\":\"https:\\\/\\\/yopiensoenpositivo.com\\\/online\\\/\"},{\"@type\":\"ListItem\",\"position\":2,\"name\":\"Shop\",\"item\":\"https:\\\/\\\/yopiensoenpositivo.com\\\/online\\\/shop\\\/\"},{\"@type\":\"ListItem\",\"position\":3,\"name\":\"MANUAL GRATUITO C\u00d3DIGOS SAGRADOS\"}]},{\"@type\":\"WebSite\",\"@id\":\"https:\\\/\\\/yopiensoenpositivo.com\\\/online\\\/#website\",\"url\":\"https:\\\/\\\/yopiensoenpositivo.com\\\/online\\\/\",\"name\":\"Pienso En Positivo\",\"description\":\"Te ayudamos a vivir y pensar en positivo\",\"potentialAction\":[{\"@type\":\"SearchAction\",\"target\":{\"@type\":\"EntryPoint\",\"urlTemplate\":\"https:\\\/\\\/yopiensoenpositivo.com\\\/online\\\/?s={search_term_string}\"},\"query-input\":{\"@type\":\"PropertyValueSpecification\",\"valueRequired\":true,\"valueName\":\"search_term_string\"}}],\"inLanguage\":\"es\"}]}<\/script>\n<!-- \/ Yoast SEO plugin. -->","yoast_head_json":{"title":"MANUAL GRATUITO C\u00d3DIGOS SAGRADOS - Pienso En Positivo","robots":{"index":"index","follow":"follow","max-snippet":"max-snippet:-1","max-image-preview":"max-image-preview:large","max-video-preview":"max-video-preview:-1"},"canonical":"https:\/\/yopiensoenpositivo.com\/online\/product\/manual-gratuito-codigos-sagrados\/","og_locale":"es_ES","og_type":"article","og_title":"MANUAL GRATUITO C\u00d3DIGOS SAGRADOS - Pienso En Positivo","og_description":"1- A\u00f1ade este producto al carrito. 2- Revisa tu carrito de compra. 3- Completa el pedido elige el m\u00e9todo de pago. 4- Finaliza tu compra y te confirmaremos v\u00eda email. 5- En caso de pagar v\u00eda Paypal, se ejecuta de inmediato el link de descarga.","og_url":"https:\/\/yopiensoenpositivo.com\/online\/product\/manual-gratuito-codigos-sagrados\/","og_site_name":"Pienso En Positivo","article_modified_time":"2023-05-20T13:18:35+00:00","og_image":[{"width":1080,"height":1080,"url":"https:\/\/yopiensoenpositivo.com\/online\/wp-content\/uploads\/2022\/10\/codigos-sagardosnew.png","type":"image\/png"}],"twitter_card":"summary_large_image","twitter_misc":{"Tiempo de lectura":"1 minuto"},"schema":{"@context":"https:\/\/schema.org","@graph":[{"@type":"WebPage","@id":"https:\/\/yopiensoenpositivo.com\/online\/product\/manual-gratuito-codigos-sagrados\/","url":"https:\/\/yopiensoenpositivo.com\/online\/product\/manual-gratuito-codigos-sagrados\/","name":"MANUAL GRATUITO C\u00d3DIGOS SAGRADOS - Pienso En Positivo","isPartOf":{"@id":"https:\/\/yopiensoenpositivo.com\/online\/#website"},"primaryImageOfPage":{"@id":"https:\/\/yopiensoenpositivo.com\/online\/product\/manual-gratuito-codigos-sagrados\/#primaryimage"},"image":{"@id":"https:\/\/yopiensoenpositivo.com\/online\/product\/manual-gratuito-codigos-sagrados\/#primaryimage"},"thumbnailUrl":"https:\/\/yopiensoenpositivo.com\/online\/wp-content\/uploads\/2022\/10\/codigos-sagardosnew.png","datePublished":"2022-10-15T14:47:07+00:00","dateModified":"2023-05-20T13:18:35+00:00","breadcrumb":{"@id":"https:\/\/yopiensoenpositivo.com\/online\/product\/manual-gratuito-codigos-sagrados\/#breadcrumb"},"inLanguage":"es","potentialAction":[{"@type":"ReadAction","target":["https:\/\/yopiensoenpositivo.com\/online\/product\/manual-gratuito-codigos-sagrados\/"]}]},{"@type":"ImageObject","inLanguage":"es","@id":"https:\/\/yopiensoenpositivo.com\/online\/product\/manual-gratuito-codigos-sagrados\/#primaryimage","url":"https:\/\/yopiensoenpositivo.com\/online\/wp-content\/uploads\/2022\/10\/codigos-sagardosnew.png","contentUrl":"https:\/\/yopiensoenpositivo.com\/online\/wp-content\/uploads\/2022\/10\/codigos-sagardosnew.png","width":1080,"height":1080},{"@type":"BreadcrumbList","@id":"https:\/\/yopiensoenpositivo.com\/online\/product\/manual-gratuito-codigos-sagrados\/#breadcrumb","itemListElement":[{"@type":"ListItem","position":1,"name":"Portada","item":"https:\/\/yopiensoenpositivo.com\/online\/"},{"@type":"ListItem","position":2,"name":"Shop","item":"https:\/\/yopiensoenpositivo.com\/online\/shop\/"},{"@type":"ListItem","position":3,"name":"MANUAL GRATUITO C\u00d3DIGOS SAGRADOS"}]},{"@type":"WebSite","@id":"https:\/\/yopiensoenpositivo.com\/online\/#website","url":"https:\/\/yopiensoenpositivo.com\/online\/","name":"Pienso En Positivo","description":"Te ayudamos a vivir y pensar en positivo","potentialAction":[{"@type":"SearchAction","target":{"@type":"EntryPoint","urlTemplate":"https:\/\/yopiensoenpositivo.com\/online\/?s={search_term_string}"},"query-input":{"@type":"PropertyValueSpecification","valueRequired":true,"valueName":"search_term_string"}}],"inLanguage":"es"}]}},"post_mailing_queue_ids":[],"_links":{"self":[{"href":"https:\/\/yopiensoenpositivo.com\/online\/wp-json\/wp\/v2\/product\/40428","targetHints":{"allow":["GET"]}}],"collection":[{"href":"https:\/\/yopiensoenpositivo.com\/online\/wp-json\/wp\/v2\/product"}],"about":[{"href":"https:\/\/yopiensoenpositivo.com\/online\/wp-json\/wp\/v2\/types\/product"}],"replies":[{"embeddable":true,"href":"https:\/\/yopiensoenpositivo.com\/online\/wp-json\/wp\/v2\/comments?post=40428"}],"wp:featuredmedia":[{"embeddable":true,"href":"https:\/\/yopiensoenpositivo.com\/online\/wp-json\/wp\/v2\/media\/40432"}],"wp:attachment":[{"href":"https:\/\/yopiensoenpositivo.com\/online\/wp-json\/wp\/v2\/media?parent=40428"}],"wp:term":[{"taxonomy":"product_brand","embeddable":true,"href":"https:\/\/yopiensoenpositivo.com\/online\/wp-json\/wp\/v2\/product_brand?post=40428"},{"taxonomy":"product_cat","embeddable":true,"href":"https:\/\/yopiensoenpositivo.com\/online\/wp-json\/wp\/v2\/product_cat?post=40428"},{"taxonomy":"product_tag","embeddable":true,"href":"https:\/\/yopiensoenpositivo.com\/online\/wp-json\/wp\/v2\/product_tag?post=40428"}],"curies":[{"name":"wp","href":"https:\/\/api.w.org\/{rel}","templated":true}]}}